{"id":91,"date":"2016-03-10T23:19:30","date_gmt":"2016-03-10T14:19:30","guid":{"rendered":"http:\/\/150.60.161.32\/en\/?page_id=91"},"modified":"2020-05-29T17:14:22","modified_gmt":"2020-05-29T08:14:22","slug":"concert-schedule","status":"publish","type":"page","link":"https:\/\/kusa2.jp\/en\/relatedinfo\/outline-history\/record\/2017-2\/concert-schedule\/","title":{"rendered":"Concert schedule 2017"},"content":{"rendered":"<p>Concerts by the Academy Professors are held every day during the period. The programs of each day&#8217;s concert are selected in accordance with each year&#8217;s theme.<\/p>\n<p><strong>Period<br \/>\n<\/strong>August 17th to 30th, 2017<\/p>\n<p><strong>Time<\/strong><br \/>\nFrom 16:00 daily during the period<br \/>\n*The Popular Concert starts from 19:30 on Thursday, August 24th.<\/p>\n<p><strong>Venue<\/strong><br \/>\nKusatsu Concert Hall<br \/>\nAddress: Ongakuno-mori, Shirane-kokuyurin,Kusatsu-town, Agatuma-gun, Gunma, Japan<\/p>\n<p>August 17th\u00a0\u00a0\u00a0\u00a0\u00a0\u00a0 Thu.\u00a0\u00a0\u00a0 16:00-18:00<\/p>\n<h1><strong>OPENING CONCERT \/ MOZART AND BRAHMS IN VIENNA<\/strong><\/h1>\n<p>W.A.Mozart\u00a0\u00a0\u00a0\u00a0\u00a0\u00a0\u00a0\u00a0\u00a0\u00a0\u00a0\u00a0\u00a0\u00a0\u00a0\u00a0\u00a0\u00a0\u00a0\u00a0\u00a0\u00a0 Opera \u201cDie Zauberflote\u201d Overture<\/p>\n<p>W.A.Mozart\u00a0\u00a0\u00a0\u00a0\u00a0\u00a0\u00a0\u00a0\u00a0\u00a0\u00a0\u00a0\u00a0\u00a0\u00a0\u00a0\u00a0\u00a0\u00a0\u00a0\u00a0\u00a0 Concerto for Horn No.4 in E-Flat Major, K.495<\/p>\n<p>J.Brahms\u00a0\u00a0\u00a0\u00a0\u00a0\u00a0\u00a0\u00a0\u00a0\u00a0\u00a0\u00a0\u00a0\u00a0 \u00a0\u00a0\u00a0\u00a0\u00a0\u00a0\u00a0\u00a0\u00a0Concerto for Piano No.2 in B-Flat Major, Op.83<\/p>\n<p>Horn: Kate\u0159ina Jav\u016frkov\u00e1 \/ Piano: Hiromi Okada \/ Conductor: Hikotarou Yazaki \/ Orchestra: Gunma Symphony Orchestra<\/p>\n<p>August 18th\u00a0\u00a0\u00a0\u00a0\u00a0\u00a0 Fri.\u00a0\u00a0 16:00-18:00<\/p>\n<h1><strong>PANOCHA QUARTET AND FRIENDS \/ HEART OF MOZART\u2019CHAMBER MUSIC<\/strong><\/h1>\n<p>J.Haydn\u00a0\u00a0\u00a0\u00a0\u00a0\u00a0\u00a0\u00a0\u00a0\u00a0\u00a0\u00a0\u00a0\u00a0\u00a0\u00a0\u00a0\u00a0\u00a0\u00a0\u00a0\u00a0\u00a0\u00a0\u00a0\u00a0\u00a0\u00a0String Quartet in D Major, Op.33 No.6, Hob. III:42<\/p>\n<p>W.A.Mozart\u00a0\u00a0\u00a0\u00a0\u00a0\u00a0\u00a0\u00a0\u00a0\u00a0\u00a0\u00a0\u00a0\u00a0\u00a0\u00a0\u00a0\u00a0\u00a0\u00a0\u00a0\u00a0 String Quartet in D Mino, K.421(417b)<\/p>\n<p>W.A.Mozart\u00a0\u00a0\u00a0\u00a0\u00a0\u00a0\u00a0\u00a0\u00a0\u00a0\u00a0\u00a0\u00a0\u00a0\u00a0\u00a0\u00a0\u00a0\u00a0\u00a0\u00a0\u00a0 String Quintet No.1 in B-Flat Major, K.174<\/p>\n<p>W.A.Mozart\u00a0\u00a0\u00a0\u00a0\u00a0\u00a0\u00a0\u00a0\u00a0\u00a0\u00a0\u00a0\u00a0\u00a0\u00a0\u00a0\u00a0\u00a0 \u00a0\u00a0\u00a0Horn Quintet in E-Flat Major, K407(386c)<\/p>\n<p>Horn: Kate\u0159ina Jav\u016frkov\u00e1 \/ Viola: Robert Bauerstatter \/ Panocha Quartet (Violin: Ji\u0159\u00ed Panocha \/ Violin: Pavel Zejfart \/ Viola: Miroslav Sehnoutka \/ Violoncello: Jaroslav Kulhan)<\/p>\n<p>August 19th\u00a0\u00a0\u00a0\u00a0\u00a0\u00a0 Sat.\u00a0\u00a0 16:00-18:00<\/p>\n<h1><strong>SASCHKO GAWRILOFF VIOLIN RECITAL WITH KEIKO TOYAMA \/ FROM MOZART TO CONTEMPORARY MUSIC<\/strong><\/h1>\n<p>W.A.Mozart\u00a0\u00a0\u00a0\u00a0\u00a0\u00a0\u00a0\u00a0\u00a0\u00a0\u00a0\u00a0\u00a0\u00a0\u00a0\u00a0\u00a0\u00a0\u00a0\u00a0\u00a0\u00a0 Violin Sonata in C Major, K.296<\/p>\n<p>Isang Yun\u00a0\u00a0\u00a0\u00a0\u00a0\u00a0\u00a0\u00a0\u00a0\u00a0\u00a0\u00a0\u00a0\u00a0\u00a0\u00a0\u00a0\u00a0\u00a0\u00a0\u00a0\u00a0\u00a0\u00a0 Konigliches Thema<\/p>\n<p>P.Boulez \u00a0\u00a0\u00a0\u00a0\u00a0\u00a0\u00a0\u00a0\u00a0\u00a0\u00a0\u00a0\u00a0\u00a0\u00a0\u00a0\u00a0\u00a0\u00a0\u00a0\u00a0\u00a0\u00a0\u00a0\u00a0Anthemes<\/p>\n<p>W.Heider\u00a0\u00a0\u00a0\u00a0\u00a0\u00a0\u00a0\u00a0\u00a0\u00a0\u00a0\u00a0\u00a0\u00a0\u00a0\u00a0\u00a0\u00a0\u00a0\u00a0\u00a0\u00a0\u00a0\u00a0 Polka Nera (2005) f\u00fcr 2 Violinen und Klavier<\/p>\n<p>G.Rossini\u00a0\u00a0\u00a0\u00a0\u00a0\u00a0\u00a0\u00a0\u00a0\u00a0\u00a0\u00a0\u00a0\u00a0\u00a0\u00a0\u00a0\u00a0\u00a0\u00a0\u00a0\u00a0\u00a0\u00a0 Sonata for Strings No.3 in C Major<\/p>\n<p>F.Schubert\u00a0\u00a0\u00a0\u00a0\u00a0\u00a0\u00a0\u00a0\u00a0\u00a0\u00a0\u00a0\u00a0\u00a0\u00a0\u00a0\u00a0\u00a0\u00a0\u00a0\u00a0\u00a0 Rondo in A Major, D.438<\/p>\n<p>L.v.Beethoven\u00a0\u00a0\u00a0\u00a0\u00a0\u00a0\u00a0\u00a0\u00a0\u00a0\u00a0\u00a0\u00a0\u00a0\u00a0\u00a0\u00a0\u00a0Violin Sonata No.10 in G Major, Op.96<\/p>\n<p>Violin: Saschko Gawriloff \/ Piano: Keiko Toyama \/ Panocha Quartet (Violin: Ji\u0159\u00ed Panocha \/ Violin: Pavel Zejfart \/ Viola: Miroslav Sehnoutka \/ Violoncello: Jaroslav Kulhan) \/ Violoncello: Tam\u00e1s Varga \/ Violin: Chiharu Taki \/ Piano: Mika Mori \/ Contrabass: Masae Suzaki<\/p>\n<p>August 20th\u00a0\u00a0\u00a0\u00a0\u00a0\u00a0 Sun.\u00a0\u00a0 16:00-18:00<\/p>\n<h1><strong>CHORUS AND ORCHESTRA \/ REQUIEMS OF MOZART AND M. HAYDN<\/strong><\/h1>\n<p>W.A.Mozart\u00a0\u00a0\u00a0\u00a0\u00a0\u00a0\u00a0\u00a0 \u3000\u00a0\u00a0\u00a0\u00a0\u00a0\u00a0\u00a0\u00a0 Rondo for Violin and Orchestra in B-Flat Major, K.269<\/p>\n<p>W.A.Mozart\u00a0\u00a0\u00a0\u00a0\u00a0\u00a0\u00a0\u00a0\u00a0\u00a0\u00a0\u00a0\u00a0\u00a0\u00a0\u00a0\u00a0\u00a0\u00a0\u00a0 Adagio for Violin and Orchestra in E Major, K261<\/p>\n<p>W.A.Mozart\u00a0\u00a0\u00a0\u00a0\u00a0\u00a0\u00a0\u00a0\u00a0\u00a0\u00a0\u00a0\u00a0\u00a0\u00a0\u00a0\u00a0\u00a0\u00a0\u00a0 Rondo for Violin and Orchestra in C Major, K373<\/p>\n<p>M.Haydn\u00a0\u00a0\u00a0\u00a0\u00a0\u00a0\u00a0\u00a0\u00a0\u00a0\u00a0\u00a0\u00a0\u00a0\u00a0\u00a0\u00a0\u00a0\u00a0\u00a0\u00a0\u00a0\u00a0\u00a0 Requiem in B-flat Major, MH 838 (Japan Premiere)<\/p>\n<p>W.A.Mozart\u00a0\u00a0\u00a0\u00a0\u00a0\u00a0\u00a0\u00a0\u00a0\u00a0\u00a0\u00a0\u00a0\u00a0\u00a0\u00a0\u00a0\u00a0\u00a0\u00a0 Requiem in D Minor, K.626 (H.C.Robbins Landon Edition)<\/p>\n<p>Violin: Werner Hink \/ Soprano: Akie Amou \/ Alt: Taeka Hino \/ Tenor: Iwao Onuki \/ Bass: Koji Yamashita \/ Organ: Claudio Brizi \/ Chorus Conductor: Fumiaki Kuriyama \/ Conductor: Hikotarou Yazaki \/ Chorus: Kusatsu Academy Chorus Orchestra \/ Kusatsu Festival Orchestra<\/p>\n<p>*We respectfully would like to announce that Bass, Naoki Ota has changed to Koji Yamashita.<\/p>\n<p>August 21st\u00a0\u00a0\u00a0\u00a0\u00a0\u00a0 Mon.\u00a0\u00a0 16:00-18:00<\/p>\n<h1><strong>HIROMI OKADA PIANO RECITAL \/ MOZART \u2018TURKISH MARCH\u2019<\/strong><\/h1>\n<p>W.A.Mozart\u00a0\u00a0\u00a0\u00a0\u00a0\u00a0\u00a0\u00a0\u00a0\u00a0\u00a0\u00a0\u00a0\u00a0\u00a0\u00a0\u00a0\u00a0\u00a0\u00a0\u00a0\u00a0 Adagio and Rondo in C Minor \/ in C Major, K.617<\/p>\n<p>W.A.Mozart\u00a0\u00a0\u00a0\u00a0\u00a0\u00a0\u00a0\u00a0\u00a0\u00a0\u00a0\u00a0\u00a0\u00a0\u00a0\u00a0\u00a0\u00a0\u00a0\u00a0\u00a0\u00a0 Fantasy in D Minor, K.397(385g)<\/p>\n<p>W.A.Mozart\u00a0\u00a0\u00a0\u00a0\u00a0\u00a0\u00a0\u00a0\u00a0\u00a0\u00a0\u00a0\u00a0\u00a0\u00a0\u00a0\u00a0\u00a0\u00a0\u00a0\u00a0\u00a0 Piano Sonata in A Major, K.331(300i)<\/p>\n<p>J.L.Dussek\u00a0\u00a0\u00a0\u00a0\u00a0\u00a0 \u00a0\u00a0\u00a0\u00a0\u00a0\u00a0\u00a0\u00a0\u00a0\u00a0\u00a0\u00a0\u00a0\u00a0\u00a0 Fantasy and Fugue in F Minor, Op.55<\/p>\n<p>W.A.Mozart\u00a0\u00a0\u00a0\u00a0\u00a0\u00a0\u00a0\u00a0\u00a0\u00a0\u00a0\u00a0\u00a0\u00a0\u00a0\u00a0\u00a0\u00a0\u00a0\u00a0\u00a0\u00a0 Piano Quartet in E-Flat Major, K.493<\/p>\n<p>Piano: Hiromi Okada \/ Organ: Claudio Brizi \/ Violin: Ji\u0159\u00ed Panocha \/ Viola: Miroslav Sehnoutka \/ Violoncello: Jaroslav Kulhan<\/p>\n<p>August 22nd\u00a0\u00a0\u00a0\u00a0\u00a0\u00a0 Tue.\u00a0\u00a0\u00a0 16:00-18:00<\/p>\n<h1><strong>ORCHESTRA DA CAMERA DI PERUGIA AND SOLOISTS FROM VIENNA<\/strong><\/h1>\n<p>W.A.Mozart\u00a0\u00a0\u00a0\u00a0\u00a0\u00a0\u00a0\u00a0\u00a0\u00a0\u00a0\u00a0 \u00a0\u00a0\u00a0\u00a0\u00a0\u00a0\u00a0Serenade in D Major, K.239\u201cSerenata Notturna\u201d<\/p>\n<p>W.A.Mozart\u00a0\u00a0\u00a0\u00a0\u00a0\u00a0\u00a0\u00a0\u00a0\u00a0\u00a0\u00a0\u00a0\u00a0\u00a0\u00a0 Andante for Flute and Orchestra in C Major, K.315 (285e)<\/p>\n<p>W.A.Mozart\u00a0\u00a0\u00a0\u00a0\u00a0\u00a0\u00a0\u00a0\u00a0\u00a0\u00a0\u00a0\u00a0\u00a0\u00a0\u00a0 \u00a0\u00a0\u00a0Sinfonia Concertante for Violin, Viola and Violoncello in A Major, K.Anh.104(320e)<\/p>\n<p>W.A.Mozart\u00a0\u00a0\u00a0\u00a0\u00a0\u00a0\u00a0\u00a0\u00a0\u00a0\u00a0\u00a0\u00a0\u00a0\u00a0\u00a0 \u00a0\u00a0\u00a0Concerto for Flute No.2 in D Major, K.314(285d)<\/p>\n<p>L.Boccherini(Arr.by P.Carmirelli) \u00a0\u00a0String Quintet in C Major, Op.30-6, G.324 \u201cLa Musica Notturna delle Strade di Madrid\u201d<\/p>\n<p>Flute: Karl-Heinz Sch\u00fctz \/ Violin: Markus Wolf \/ Viola: Robert Bauerstatter \/ Violoncello: Tam\u00e1s Varga \/ Violin: Paolo Franceschini \/ Orchestra da Camera di Perugia \/ Oboe: Erika Hashizume &amp; Ayaka Nakao \/ Horn: Kate\u0159ina Jav\u016frkov\u00e1 &amp; Doyama Atsushi \/ Percussion: Hutoshi Shimizu<\/p>\n<p>August 23rd\u00a0\u00a0\u00a0\u00a0\u00a0\u00a0 Wed.\u00a0\u00a0\u00a0\u00a0 16:00-18:00<\/p>\n<h1><strong>GEMMA BERTAGNOLLI SOPRANO RECITAL \/ MOZART\u2019 ARIAS AND LIED<\/strong><\/h1>\n<p>W.A.Mozart\u00a0\u00a0\u00a0\u00a0\u00a0\u00a0\u00a0\u00a0\u00a0\u00a0\u00a0\u00a0\u00a0\u00a0\u00a0\u00a0\u00a0\u00a0 Das Veilchen, K.476<\/p>\n<p>W.A.Mozart\u00a0\u00a0\u00a0\u00a0\u00a0\u00a0\u00a0\u00a0\u00a0\u00a0 \u00a0\u00a0\u00a0\u00a0\u00a0\u00a0\u00a0Als Luise die Briefe ihres ungetreuen verbrannte, K.520<\/p>\n<p>W.A.Mozart\u00a0\u00a0\u00a0\u00a0\u00a0\u00a0\u00a0\u00a0\u00a0\u00a0\u00a0\u00a0\u00a0\u00a0\u00a0\u00a0\u00a0\u00a0 Abendempfindung an Laura, K.523<\/p>\n<p>W.A.Mozart\u00a0\u00a0\u00a0\u00a0\u00a0\u00a0\u00a0\u00a0\u00a0\u00a0\u00a0\u00a0\u00a0\u00a0\u00a0\u00a0\u00a0\u00a0 Der Zauberer, K.472<\/p>\n<p>M.Clementi\u00a0\u00a0\u00a0\u00a0\u00a0\u00a0\u00a0\u00a0\u00a0\u00a0\u00a0\u00a0\u00a0\u00a0 from Musical Characteristics, Op. 19, \u201cPrelude alla Mozart\u201d<\/p>\n<p>W.A.Mozart\u00a0\u00a0\u00a0\u00a0\u00a0\u00a0\u00a0\u00a0\u00a0\u00a0\u00a0\u00a0\u00a0\u00a0\u00a0\u00a0 8 Variationen uber ein Lied \u201cEin Weib ist das herrlicheste Ding\u201d in F Major, K.613<\/p>\n<p>L.Spohr\u00a0\u00a0\u00a0\u00a0\u00a0\u00a0\u00a0\u00a0\u00a0\u00a0\u00a0\u00a0\u00a0\u00a0\u00a0\u00a0\u00a0\u00a0\u00a0\u00a0 \u00a06 Deutsche Lieder, Op.103<\/p>\n<p>W.A.Mozart\u00a0\u00a0\u00a0\u00a0\u00a0\u00a0\u00a0\u00a0\u00a0\u00a0\u00a0\u00a0\u00a0\u00a0\u00a0\u00a0\u00a0\u00a0 Opera\u201dLe nozze di Figaro\u201d, K.492 Aria \u201cDeh vieni non tardar\u201d<\/p>\n<p>W.A.Mozart\u00a0\u00a0\u00a0\u00a0\u00a0\u00a0\u00a0\u00a0\u00a0\u00a0\u00a0\u00a0\u00a0\u00a0\u00a0\u00a0\u00a0\u00a0 Recitativo and Aria\u201dMisera, dove son!\u201d\u2013\u201cAh!non son io she parlo\u201d, K369<\/p>\n<p>W.A.Mozart\u00a0\u00a0\u00a0\u00a0\u00a0\u00a0\u00a0\u00a0\u00a0\u00a0\u00a0\u00a0\u00a0\u00a0\u00a0\u00a0\u00a0\u00a0 Adagio and Fugue in C Minor, K.546<\/p>\n<p>W.A.Mozart\u00a0\u00a0\u00a0\u00a0\u00a0\u00a0\u00a0\u00a0\u00a0\u00a0\u00a0\u00a0 \u00a0\u00a0\u00a0\u00a0\u00a0Recitativo and Aria \u201cCh\u2019io mi scordi di te?\u201d\u2013\u201cNon temer, amato bene\u201d, K.505<\/p>\n<p>Soprano: Gemma Bertagnolli \/ Piano: Anthony Spiri \/ Clarinet: Seiki Shinohe \/ Orchestra da Camera di Perugia \/ Flute: Yoriko Kasai &amp; Miyuki Arai \/ Oboe: Erika Hashizume \/ Clarinet: Akihito Kowata \/ Bassoon: Ryou Ebisawa &amp; Ryouichi Ishikawa \/ Horn: Kate\u0159ina Jav\u016frkov\u00e1 &amp; Atsushi Doyama<\/p>\n<p>August 24th\u00a0\u00a0\u00a0\u00a0\u00a0\u00a0 Thu.\u00a0\u00a0\u00a0 16:00-18:00<\/p>\n<h1><strong>WIND ENSEMBLE CONCERT \/ MOZART \u2018NACHTMUSIK\u2019<\/strong><\/h1>\n<p>M.Haydn\u00a0\u00a0\u00a0\u00a0\u00a0\u00a0\u00a0\u00a0\u00a0\u00a0\u00a0\u00a0\u00a0\u00a0\u00a0\u00a0\u00a0\u00a0 Divertimento in D Major, P.95\/MH418<\/p>\n<p>W.A.Mozart\u00a0\u00a0\u00a0\u00a0\u00a0\u00a0\u00a0\u00a0\u00a0\u00a0\u00a0\u00a0\u00a0\u00a0 Concerto for Horn No.1 in D Major, K.412, K.415(386b) (Horn Quintet version)<\/p>\n<p>W.A.Mozart\u00a0\u00a0\u00a0\u00a0\u00a0\u00a0\u00a0\u00a0\u00a0\u00a0\u00a0\u00a0 \u00a0\u00a0\u00a0Serenade in C Minor, K.388(384a) \u201cNachtmusik\u201d<\/p>\n<p>J.N.Hummel\u00a0\u00a0\u00a0\u00a0\u00a0\u00a0\u00a0\u00a0\u00a0\u00a0\u00a0\u00a0\u00a0\u00a0 Introduction, Theme and Variations for Oboe and Wind Instruments in F Major, Op.102<\/p>\n<p>W.A.Mozart\u00a0\u00a0\u00a0\u00a0\u00a0\u00a0\u00a0\u00a0\u00a0\u00a0\u00a0\u00a0\u00a0\u00a0\u00a0\u00a0Divertimento in E-Flat Major, K.Anh.226 (Anh.C17.01)<\/p>\n<p>Oboe: Thomas Inderm\u00fchle &amp; Ayaka Nakao \/ Horn: Kate\u0159ina Jav\u016frkov\u00e1 &amp; Atsushi Doyama \/ Flute: Karl-Heinz Sch\u00fctz \/ Clarinet: Seiki Shinohe &amp; Akihito Kowata \/ Bassoon: Ryou Ebisawa &amp; Ryouichi Ishikawa \/Panocha Quartet (Violin: Ji\u0159\u00ed Panocha \/ Violin: Pavel Zejfart \/ Viola: Miroslav Sehnoutka \/ Violoncello: Jaroslav Kulhan)<span style=\"text-decoration: line-through;\"> \/ etc.<\/span><\/p>\n<p>August 24th\u00a0\u00a0\u00a0\u00a0\u00a0\u00a0 Thu.\u00a0\u00a0\u00a0\u00a0 19:30-21:30<\/p>\n<h1><strong>POPULAR CONCERT \/ RUDOLPH JOHANN JOSEPH RAINER, VON OSTERRIECH<\/strong><\/h1>\n<p>W.A.Mozart (Arr. by E.H.Grieg) \u00a0\u00a0\u00a0\u00a0\u00a0Piano Sonata No.15 in F Major, K.533\/494 (for Piano and Organ)<\/p>\n<p>W.A.Mozart\u00a0\u00a0\u00a0\u00a0\u00a0\u00a0\u00a0\u00a0\u00a0\u00a0\u00a0\u00a0\u00a0\u00a0\u00a0\u00a0\u00a0\u00a0\u00a0\u00a0\u00a0\u00a0\u00a0\u00a0 12 Variations on \u201cAh, Vous Dirai-Je Maman\u201d in C Major, K.265(300e)<\/p>\n<p>Rudolph Johann Rainer, von Osterreich\u00a0\u00a0\u00a0\u00a0\u00a0\u00a0 Trio for Clarinet, Violoncello and Piano<\/p>\n<p>W.A.Mozart\u00a0\u00a0\u00a0\u00a0\u00a0\u00a0\u00a0\u00a0\u00a0\u00a0\u00a0\u00a0\u00a0\u00a0\u00a0\u00a0\u00a0\u00a0\u00a0\u00a0\u00a0\u00a0\u00a0\u00a0 Opera &#8220;Die Zauberfl\u00f6te\u201d, K.620(excerpt)<\/p>\n<ol>\n<li>Der Vogelf\u00e4nger Bin Ich Ja \/ 2. Dies Bildnis Ist Bezaubernd Sch\u00f6n \/ 3. Bei M\u00e4nnern Welche Liebe F\u00fchlen \/ 4. Wie Stark Ist Nicht Dein Zauberton \/ 5. Ach, Ich F\u00fchl&#8217;s, Es Ist Verschwunden \/ 6. Ein M\u00e4dchen Oder Weibchen \/ 7. Wir Wandelten Durch Feuersgluten \/ 8. Pa-Pa-Pa (Papageno, Papagena) <span style=\"text-decoration: line-through;\">etc.<\/span><\/li>\n<\/ol>\n<p>Clarinet: Seiki Shinohe \/ Violoncello: Tam\u00e1s Varga \/ Piano: Tomoko Okada \/ Soprano: Akie Amou \/ Tenor: Makoto Sakurada \/ Bass: Koji Yamashita <span style=\"text-decoration: line-through;\">\/ etc.<\/span><\/p>\n<p>*We respectfully would like to announce that Bass: Naoki Ota has changed to Koji Yamashita.<\/p>\n<p>August 25th\u00a0\u00a0\u00a0\u00a0\u00a0\u00a0 Fri.\u00a0\u00a0\u00a0 10:30-11:00 at Tenguyama Rest House<\/p>\n<h1><strong>CONCERT FOR CHILDLEN<\/strong><\/h1>\n<p>T.Hirayoshi\u00a0\u00a0\u00a0\u00a0\u00a0\u00a0\u00a0\u00a0\u00a0\u00a0\u00a0\u00a0 The Revenge of the Cat That Was Stepped On<\/p>\n<p>F.Chopin\u00a0\u00a0\u00a0\u00a0\u00a0\u00a0\u00a0\u00a0\u00a0\u00a0\u00a0\u00a0\u00a0\u00a0\u00a0\u00a0 Valse, Op.64 No.1(Minute Waltz)<\/p>\n<p>C.Debussy\u00a0\u00a0\u00a0\u00a0\u00a0\u00a0\u00a0\u00a0\u00a0\u00a0\u00a0\u00a0\u00a0\u00a0 from Children\u2019s Corner Jumbo\u2019s Lullaby<\/p>\n<p>Piano: Aki Takahashi \/ Soprano: Akie Amou \/ Trumpet: Hisanori Maehara \/ Trumpet: Yutaka Arihara \/ Trombone: Kousei Murata \/ Trombone: Kenichi Sudo \/ Quartet Excelsior<\/p>\n<p>August 25th\u00a0\u00a0\u00a0\u00a0\u00a0\u00a0 Fri.\u00a0\u00a0\u00a0\u00a0 16:00-18:00<\/p>\n<h1><strong>MOZART AND HIS CLOSE FRIEND MICHAEL HAYDN<\/strong><\/h1>\n<p>M.Haydn\u00a0\u00a0\u00a0\u00a0\u00a0\u00a0\u00a0\u00a0\u00a0\u00a0\u00a0\u00a0\u00a0\u00a0\u00a0\u00a0 Sonata for Violin and Viola No.1 in C Major, P.127\/MH335<\/p>\n<p>W.A.Mozart\u00a0\u00a0\u00a0\u00a0\u00a0\u00a0\u00a0\u00a0\u00a0\u00a0\u00a0\u00a0\u00a0\u00a0 Duo for Violin and Viola in G Major, K.423<\/p>\n<p>W.A.Mozart\u00a0\u00a0\u00a0\u00a0\u00a0\u00a0\u00a0\u00a0\u00a0\u00a0 \u00a0\u00a0\u00a0Piano Trio in G Major, K.564<\/p>\n<p>W.A.Mozart\u00a0\u00a0\u00a0\u00a0\u00a0\u00a0\u00a0\u00a0\u00a0\u00a0\u00a0\u00a0\u00a0\u00a0 Violin Sonata in E Minor, K.304(300c)<\/p>\n<p>M.Haydn\u00a0\u00a0\u00a0\u00a0\u00a0\u00a0\u00a0\u00a0\u00a0\u00a0\u00a0\u00a0\u00a0\u00a0\u00a0\u00a0 String Quintet in F Major, P.112+59-1 \/ MH411+421-1<\/p>\n<p>Violin: Werner Hink \/ Violin: Markus Wolf \/ Violoncello: Tam\u00e1s Varga \/ Viola: Robert Bauerstatter \/ Piano: Christopher Hinterhuber \/ Violin: Paolo Franceschini \/ Violin: Momoko Yamada \/ Viola: Yukiko Yoshida &amp; Satoshi Ono \/ Violoncello: Hajime Otomo<\/p>\n<p>August 26th\u00a0\u00a0\u00a0\u00a0\u00a0\u00a0 Sat.\u00a0\u00a0\u00a0\u00a0 16:00-18:00<\/p>\n<h1><strong>MOZART\u2019 LENTEN CONCERT \/ \u2018IMAGE\u2019DEDICATED TO ISANG YUN\u2019 100TH BIRTH YEAR<\/strong><\/h1>\n<p>Isang Yun\u00a0\u00a0\u00a0\u00a0\u00a0\u00a0\u00a0\u00a0\u00a0\u00a0\u00a0\u00a0\u00a0\u00a0 \u00a0\u00a0\u00a0Piri(1971)<\/p>\n<p>Isang Yun\u00a0\u00a0\u00a0\u00a0\u00a0\u00a0\u00a0\u00a0\u00a0\u00a0\u00a0\u00a0\u00a0\u00a0\u00a0\u00a0 Interludium A(1982)<\/p>\n<p>W.A.Mozart\u00a0\u00a0\u00a0\u00a0\u00a0\u00a0\u00a0\u00a0\u00a0\u00a0\u00a0\u00a0\u00a0\u00a0 Concerto for Piano No.12 in A Major, K.414(385p)(with String Quintet )<\/p>\n<p>W.A.Mozart\u00a0\u00a0\u00a0\u00a0\u00a0\u00a0\u00a0\u00a0\u00a0\u00a0\u00a0\u00a0\u00a0\u00a0 Concerto for Piano No.13 in C Major, K.415(387b)(with String Quintet )<\/p>\n<p>Isang Yun\u00a0\u00a0\u00a0\u00a0\u00a0\u00a0\u00a0\u00a0\u00a0\u00a0\u00a0\u00a0 \u00a0\u00a0\u00a0\u00a0\u00a0\u201cImages\u201d for Flute , Oboe , Violin and Violoncello (1968)<\/p>\n<p>Piano: Hiromi Okada \/ Piano: Anthony Spiri \/ Oboe: Thomas Inderm\u00fchle \/ Piano: Aki Takahashi \/ Flute: Karl-Heinz Sch\u00fctz \/ Violoncello: Tam\u00e1s Varga \/ Violin: Saschko Gawriloff \/ Panocha Quartet \/ Quartet Excelsior \/ Contrabass: Masae Suzaki<\/p>\n<p>August 27th\u00a0\u00a0\u00a0\u00a0\u00a0\u00a0 Sun.\u00a0\u00a0\u00a0\u00a0 16:00-18:00<\/p>\n<h1><strong>KARL-HEINZ SCHUTZ FLUTE RECITAL \/ FROM MOZART \u2018QUARTET\u2019 TO TAKEMITSU \u2018RAIN SPELL\u2019<\/strong><\/h1>\n<p>C.Ph.E.Bach\u00a0\u00a0\u00a0\u00a0\u00a0\u00a0\u00a0\u00a0\u00a0\u00a0\u00a0\u00a0\u00a0\u00a0\u00a0\u00a0 Trio in B-Flat Major<\/p>\n<p>M.Haydn\u00a0\u00a0\u00a0\u00a0\u00a0\u00a0\u00a0\u00a0\u00a0\u00a0\u00a0\u00a0\u00a0\u00a0\u00a0\u00a0\u00a0\u00a0 Divertimento in C Major P.98\/MH179<\/p>\n<p>F.Schubert\u00a0\u00a0\u00a0\u00a0\u00a0\u00a0\u00a0\u00a0\u00a0\u00a0\u00a0\u00a0\u00a0\u00a0\u00a0\u00a0\u00a0\u00a0 Arpeggione Sonata in A Minor, D821( Flute Version)<\/p>\n<p>O.Messiaen\u00a0\u00a0\u00a0\u00a0\u00a0\u00a0\u00a0\u00a0\u00a0\u00a0\u00a0\u00a0\u00a0\u00a0\u00a0\u00a0 LE MERLE NOIR<\/p>\n<p>Toru Takemitsu\u00a0\u00a0\u00a0\u00a0\u00a0\u00a0\u00a0\u00a0\u00a0\u00a0\u00a0\u00a0 Rain Spell for Flute, Clarinet, Harp and Vibraphone<\/p>\n<p>W.A.Mozart\u00a0\u00a0\u00a0\u00a0\u00a0\u00a0\u00a0\u00a0\u00a0\u00a0\u00a0\u00a0\u00a0\u00a0 \u00a0\u00a0\u00a0Flute Quartet No.3 in C Major, K.Anh.171(285b)<\/p>\n<p>W.A.Mozart\u00a0\u00a0\u00a0\u00a0\u00a0\u00a0\u00a0\u00a0\u00a0\u00a0\u00a0\u00a0\u00a0\u00a0 \u00a0\u00a0\u00a0Flute Quartet No.4 in A Major, K298<\/p>\n<p>Flute: Karl-Heinz Sch\u00fctz \/ Clarinet: Seiki Shinohe \/ Harp: Ayako Shinozaki \/ Piano: Aki Takahashi \/ Violin: Werner Hink \/ Viola: Robert Bauerstatter \/ Violoncello: Tam\u00e1s Varga \/ Cembalo: Claudio Brizi \/ Violin: Paolo Franceschini<\/p>\n<p>August. 28th\u00a0\u00a0\u00a0\u00a0\u00a0\u00a0 Mon.\u00a0\u00a0\u00a0\u00a0 16:00-18:00<\/p>\n<h1><strong>MANY COLORS OF MOZART\u2019 CHAMBER MUSIC<\/strong><\/h1>\n<p>A.Vivaldi\u00a0\u00a0\u00a0\u00a0\u00a0\u00a0\u00a0\u00a0\u00a0\u00a0\u00a0\u00a0\u00a0\u00a0\u00a0\u00a0\u00a0\u00a0\u00a0\u00a0\u00a0\u00a0\u00a0\u00a0 Sonata for Violin, Oboe, Organ in C Major, RV.779<\/p>\n<p>W.A.Mozart\u00a0\u00a0\u00a0\u00a0\u00a0\u00a0\u00a0\u00a0\u00a0\u00a0\u00a0\u00a0\u00a0\u00a0\u00a0\u00a0\u00a0\u00a0\u00a0\u00a0\u00a0\u00a0 Piano Trio in C Major, K.548<\/p>\n<p>W.A.Mozart(Arr. by F.Schubert)\u00a0\u00a0\u00a0\u00a0 String Quintet in D major \u2013 from Symphony No.38 \u201cPrague\u201d, K.504<\/p>\n<p>W.A.Mozart\u00a0\u00a0\u00a0\u00a0\u00a0\u00a0\u00a0\u00a0\u00a0\u00a0\u00a0\u00a0\u00a0\u00a0 \u00a0\u00a0\u00a0\u00a0\u00a0\u00a0\u00a0Quintet for Piano, Oboe, Clarinet, Horn and Fagott in E-Flat Major , K.452<\/p>\n<p>Oboe: Thomas Inderm\u00fchle \/ Horn: Kate\u0159ina Jav\u016frkov\u00e1 \/ Piano: Anthony Spiri \/ Clarinet: Seiki Shinohe \/ Violin: Markus Wolf \/ Panocha Quartet (Violin: Ji\u0159\u00ed Panocha \/ Violin: Pavel Zejfart \/ Viola: Miroslav Sehnoutka \/ Violoncello: Jaroslav Kulhan) \/ Viola: Yukiko Yoshida \/ Violoncello: Hajime Otomo \/ Bassoon : Ryou Ebisawa<\/p>\n<p>August. 29th\u00a0\u00a0\u00a0\u00a0\u00a0\u00a0 Tue.\u00a0\u00a0\u00a0\u00a0\u00a0\u00a0\u00a0 16:00-18:00<\/p>\n<h1><strong>TAMAS VARGA \/ WOUNDERFUL WORLD OF VIOLONCELLO<\/strong><\/h1>\n<p>B.H.Romberg\u00a0\u00a0\u00a0\u00a0\u00a0\u00a0\u00a0\u00a0\u00a0\u00a0\u00a0\u00a0 Trois themes de W.A.Mozart varies pour violon et violoncelle<\/p>\n<ol>\n<li>Klingel\u00a0\u00a0\u00a0\u00a0\u00a0\u00a0\u00a0\u00a0\u00a0\u00a0\u00a0\u00a0\u00a0\u00a0\u00a0\u00a0 Lied Ohne Worte From 4 Pieces For 4 Violoncellos, Op.33<\/li>\n<li>FAUR\u00c9\u00a0\u00a0\u00a0\u00a0\u00a0\u00a0\u00a0\u00a0\u00a0\u00a0\u00a0\u00a0\u00a0\u00a0 APR\u00c8S UN R\u00caVE, Op.7-1 (for 4 Violoncellos)<\/li>\n<\/ol>\n<p>G.C.Wagenseil\u00a0\u00a0\u00a0\u00a0\u00a0\u00a0\u00a0\u00a0\u00a0\u00a0 Sonata \u2162 from Suite des pieces WV445<\/p>\n<ol>\n<li>P\u00c4RT\u00a0\u00a0\u00a0\u00a0\u00a0\u00a0\u00a0\u00a0\u00a0\u00a0\u00a0\u00a0\u00a0\u00a0\u00a0\u00a0 MOZART-ADAGIO for Piano Trio<\/li>\n<\/ol>\n<p>A.Eberl\u00a0\u00a0\u00a0\u00a0\u00a0\u00a0\u00a0\u00a0\u00a0\u00a0\u00a0\u00a0\u00a0\u00a0\u00a0\u00a0\u00a0\u00a0 Grand Trio for Clarinet , Violoncello and Piano , Op.36<\/p>\n<p>F.Schubert\u00a0\u00a0\u00a0\u00a0\u00a0\u00a0\u00a0\u00a0\u00a0\u00a0\u00a0\u00a0\u00a0\u00a0 Arpeggione Sonata in A Minor, D821<\/p>\n<p>Violin : Paolo Franceschini \/ Violoncello: Tam\u00e1s Varga \/ Piano: Christopher Hinterhuber \/ Clarinet : Seiki Shinohe \/ Violoncello: Ryoich Fujimori \/ Violoncello: Akina Karasawa \/ Violoncello: Rei Tsujimoto<\/p>\n<p>August. 30th\u00a0\u00a0\u00a0\u00a0\u00a0\u00a0 Wed.\u00a0\u00a0\u00a0\u00a0 16:00-18:00<\/p>\n<h1><strong>MOZART JUPITER SYMPHONY OF HOUSE CONCERT FORMATION \/ MEMBER OF WIENER PHIHARMONIKER<\/strong><\/h1>\n<p>W.A.Mozart\u00a0\u00a0\u00a0\u00a0\u00a0\u00a0\u00a0\u00a0\u00a0\u00a0\u00a0\u00a0\u00a0\u00a0 \u00a0\u00a0\u00a0\u00a0\u00a0\u00a0\u00a0\u00a0\u00a0\u00a0Piano Concerto in D Minor , K.466<\/p>\n<p>W.A.Mozart(Arr.by J.N.Hummel)\u00a0\u00a0\u00a0\u00a0 Symphony No.41 in C Major , K.551\u2033Jupiter\u201d<\/p>\n<p>Akira Nishimura\u00a0\u00a0\u00a0\u00a0\u00a0\u00a0\u00a0\u00a0\u00a0\u00a0\u00a0\u00a0 \u00a0\u00a0\u00a0\u00a0\u00a0\u00a0\u00a0KARURA for Oboe Solo<\/p>\n<p>W.A.Mozart\u00a0\u00a0\u00a0\u00a0\u00a0\u00a0\u00a0\u00a0\u00a0\u00a0\u00a0\u00a0\u00a0\u00a0 \u00a0\u00a0\u00a0\u00a0\u00a0\u00a0\u00a0\u00a0\u00a0\u00a0String Quintet in E-Flat Major , K.614<\/p>\n<p>Piano: Christopher Hinterhuber \/ Violin: Werner Hink \/ Flute: Karl-Heinz Sch\u00fctz \/ Viola: Robert Bauerstatter \/ Violoncello: Tam\u00e1s Varga \/ Oboe: Thomas Inderm\u00fchle \/ Violin: Ohseki Hiroaki \/ Viola: Satoshi Ono<\/p>\n","protected":false},"excerpt":{"rendered":"Concerts by the Academy Professors are held every day during the period. The programs of each day&#8217;s conc [&hellip;]","protected":false},"author":1,"featured_media":0,"parent":1902,"menu_order":1,"comment_status":"closed","ping_status":"closed","template":"","meta":{"footnotes":""},"_links":{"self":[{"href":"https:\/\/kusa2.jp\/en\/wp-json\/wp\/v2\/pages\/91"}],"collection":[{"href":"https:\/\/kusa2.jp\/en\/wp-json\/wp\/v2\/pages"}],"about":[{"href":"https:\/\/kusa2.jp\/en\/wp-json\/wp\/v2\/types\/page"}],"author":[{"embeddable":true,"href":"https:\/\/kusa2.jp\/en\/wp-json\/wp\/v2\/users\/1"}],"replies":[{"embeddable":true,"href":"https:\/\/kusa2.jp\/en\/wp-json\/wp\/v2\/comments?post=91"}],"version-history":[{"count":9,"href":"https:\/\/kusa2.jp\/en\/wp-json\/wp\/v2\/pages\/91\/revisions"}],"predecessor-version":[{"id":1877,"href":"https:\/\/kusa2.jp\/en\/wp-json\/wp\/v2\/pages\/91\/revisions\/1877"}],"up":[{"embeddable":true,"href":"https:\/\/kusa2.jp\/en\/wp-json\/wp\/v2\/pages\/1902"}],"wp:attachment":[{"href":"https:\/\/kusa2.jp\/en\/wp-json\/wp\/v2\/media?parent=91"}],"curies":[{"name":"wp","href":"https:\/\/api.w.org\/{rel}","templated":true}]}}