{"id":4420,"date":"2026-02-27T12:14:40","date_gmt":"2026-02-27T03:14:40","guid":{"rendered":"https:\/\/kusa2.jp\/en\/?page_id=4420"},"modified":"2026-02-27T12:14:41","modified_gmt":"2026-02-27T03:14:41","slug":"kihara-yoshinao","status":"publish","type":"page","link":"https:\/\/kusa2.jp\/en\/artist\/kihara-yoshinao\/","title":{"rendered":"Yoshinao KIHARA"},"content":{"rendered":"\n<h3 class=\"wp-block-heading\">Conductor<\/h3>\n\n\n<div class=\"wp-block-image\">\n<figure class=\"alignright size-large is-resized\"><a href=\"https:\/\/kusa2.jp\/en\/wp-content\/uploads\/2026\/02\/KIHARA-Photo-scaled-e1772162018930.jpg\" rel=\"lightbox[4420]\"><img decoding=\"async\" loading=\"lazy\" width=\"699\" height=\"1024\" src=\"https:\/\/kusa2.jp\/en\/wp-content\/uploads\/2026\/02\/KIHARA-Photo-scaled-e1772162018930-699x1024.jpg\" alt=\"\" class=\"wp-image-4421\" style=\"aspect-ratio:0.6669921875;width:215px;height:auto\" srcset=\"https:\/\/kusa2.jp\/en\/wp-content\/uploads\/2026\/02\/KIHARA-Photo-scaled-e1772162018930-699x1024.jpg 699w, https:\/\/kusa2.jp\/en\/wp-content\/uploads\/2026\/02\/KIHARA-Photo-scaled-e1772162018930-205x300.jpg 205w, https:\/\/kusa2.jp\/en\/wp-content\/uploads\/2026\/02\/KIHARA-Photo-scaled-e1772162018930-768x1126.jpg 768w, https:\/\/kusa2.jp\/en\/wp-content\/uploads\/2026\/02\/KIHARA-Photo-scaled-e1772162018930-1048x1536.jpg 1048w, https:\/\/kusa2.jp\/en\/wp-content\/uploads\/2026\/02\/KIHARA-Photo-scaled-e1772162018930-1000x1466.jpg 1000w, https:\/\/kusa2.jp\/en\/wp-content\/uploads\/2026\/02\/KIHARA-Photo-scaled-e1772162018930-682x1000.jpg 682w, https:\/\/kusa2.jp\/en\/wp-content\/uploads\/2026\/02\/KIHARA-Photo-scaled-e1772162018930.jpg 1164w\" sizes=\"(max-width: 699px) 100vw, 699px\" \/><\/a><\/figure><\/div>\n\n\n<p><br>Yoshinao KIHARA is a Japanese conductor and composer who began his conducting studies at theage of sixteen under Seiji Ozawa. He worked with the Seiji Ozawa Music Academy and at the Saito Kinen Festival Matsumoto (now the Seiji Ozawa Matsumoto Festival).<\/p>\n\n\n\n<p>He completed master\u2019s degrees with highest distinction in orchestral conducting, choral conducting, and r\u00e9p\u00e9titeur studies at the University of Music and Performing Arts Graz, receiving the W\u00fcrdigungspreis, and later completed the Advanced Professional Training for Conductors at the Berlin University of the Arts. He has received fellowships from the Rohm Music Foundation, the Honjo International Scholarship Foundation, and the Japanese Agency for Cultural Affairs. <\/p>\n\n\n\n<p>KIHARA is the recipient of the 25th Gotoh Memorial Cultural Award. Opera productions under his direction received the 31st Mitsubishi UFJ Trust Music Award and the 35th Music Pen Club Japan Award (Contemporary Music Division). His engagements include the 50th Anniversary Opera Series of Kanagawa Prefectural Hall, Philip Glass and Robert Wilson\u2019s Einstein on the Beach, and Scenes Recital 2023 at the New National Theatre Tokyo Opera Studio. He has conducted orchestras including the Polish National Radio Symphony Orchestra, the Magdeburgische Philharmonie, and the Gunma Symphony Orchestra, and has appeared at major festivals including the Gargantua Music Festival and the Suntory Hall Summer Festival. <\/p>\n\n\n\n<p>Winner of 1st Prize at the 4th Tokyo Cantat Choral Conducting Competition for Young Conductors, earning particular acclaim from jury members Carl H\u00f8gset, Erwin Ortner, and Kaspars Putni\u0146\u0161. In 2016, upon recommendation of the Vienna Musikverein, he conducted the Wiener Singverein\u2019s Japan tour concert at Sumida Triphony Hall, performing Mozart\u2019s Requiem and motets by Bruckner. From 2019 to 2025 he served as Principal Conductor of the Philharmonic Chorus of Tokyo, leading subscription concerts and special productions while championing contemporary works by Messiaen, Sch\u00f6nberg, Takemitsu, and other leading composers of the 20th and 21st centuries. He has also served as chorus master under Riccardo Muti, Charles Dutoit, and Jonathan Nott. <\/p>\n\n\n\n<p>As a composer, his String Quartet Momentan was selected in the Haydn Bicentenary Composition Competition and premiered at Esterh\u00e1zy Palace in Eisenstadt. His orchestration of Mozart\u2019s Twelve Variations on \u201cAh vous dirai-je, Maman\u201d has been performed by major Japanese orchestras. He composed and conducted the premiere of the commissioned work EMOTIONS \u2013 KI\u30fbDO\u30fbAI\u30fbRAKU \u2013 for the Philharmonic Chorus of Tokyo. <\/p>\n\n\n\n<p>He currently serves on the faculties of Kunitachi College of Music, Toho Gakuen School of Music and the Tokyo Nikikai Opera Studio. <\/p>\n\n\n\n<p>Official website: <a href=\"http:\/\/www.yoshinaokihara.com\">www.yoshinaokihara.com<\/a><\/p>\n","protected":false},"excerpt":{"rendered":"Conductor Yoshinao KIHARA is a Japanese conductor and composer who began his conducting studies at theage of s [&hellip;]","protected":false},"author":2,"featured_media":0,"parent":1356,"menu_order":13,"comment_status":"closed","ping_status":"closed","template":"","meta":{"footnotes":""},"_links":{"self":[{"href":"https:\/\/kusa2.jp\/en\/wp-json\/wp\/v2\/pages\/4420"}],"collection":[{"href":"https:\/\/kusa2.jp\/en\/wp-json\/wp\/v2\/pages"}],"about":[{"href":"https:\/\/kusa2.jp\/en\/wp-json\/wp\/v2\/types\/page"}],"author":[{"embeddable":true,"href":"https:\/\/kusa2.jp\/en\/wp-json\/wp\/v2\/users\/2"}],"replies":[{"embeddable":true,"href":"https:\/\/kusa2.jp\/en\/wp-json\/wp\/v2\/comments?post=4420"}],"version-history":[{"count":1,"href":"https:\/\/kusa2.jp\/en\/wp-json\/wp\/v2\/pages\/4420\/revisions"}],"predecessor-version":[{"id":4422,"href":"https:\/\/kusa2.jp\/en\/wp-json\/wp\/v2\/pages\/4420\/revisions\/4422"}],"up":[{"embeddable":true,"href":"https:\/\/kusa2.jp\/en\/wp-json\/wp\/v2\/pages\/1356"}],"wp:attachment":[{"href":"https:\/\/kusa2.jp\/en\/wp-json\/wp\/v2\/media?parent=4420"}],"curies":[{"name":"wp","href":"https:\/\/api.w.org\/{rel}","templated":true}]}}