{"id":1487,"date":"2019-03-25T12:08:36","date_gmt":"2019-03-25T03:08:36","guid":{"rendered":"http:\/\/kusa2.jp\/en\/?page_id=1487"},"modified":"2019-07-01T11:59:52","modified_gmt":"2019-07-01T02:59:52","slug":"aug-23-friday-400pm","status":"publish","type":"page","link":"https:\/\/kusa2.jp\/en\/relatedinfo\/outline-history\/record\/2019-2\/concert-schedule-for-2019\/aug-23-friday-400pm\/","title":{"rendered":"AUG 23 Friday, 4:00pm"},"content":{"rendered":"\n<p>Kusatsu Ongaku-no-mori Concert Hall<\/p>\n\n\n\n<h2 class=\"wp-block-heading\"><strong>40th Anniversary Concert \u2160<br> 100th Birth Anniversary of Erunst Haefliger \/ Lieder Schubertiade<\/strong><\/h2>\n\n\n\n<p><strong>Program<\/strong><br>F. Schubert: Schwanengesang, D.957: No.10 Das Fischerm\u00e4dchen, No.12.Am Meer, No.14 Die Taubenpost  (arr. for Horn and Piano)<br>F. Schubert: Goldner Schein, D.357 <br>F. Schubert: Licht und Liebe, D.352<br>F. Schubert: From Gesange aus &#8220;Wilhelm Meister&#8221;,Op.62 D.877 No.1 Mignon und der Harfer&#8221;<br>F. Schubert: Heidenr\u00f6slein, Op.3-3 D.257<br>F. Schubert: Ave Maria, Op.52-6 D.839<br>F. Schubert: An die Nachtigall, D.497<br>F. Schubert: Suleika II, D.717    <br>F. Schubert: Nachtst\u00fcck, D.672<br>F. Schubert: Ganymed, D.544<br>F. Schubert: Der Musensohn, D.764<br>A. Nishimura: A Song of Kalavinka for Violoncello (Japan premiere) <br>F. Schubert: Erlkonig, D.328<br>F. Schubert: Gretchen am Spinnrade, D.118 <br>F. Schubert: Die Forelle, D.550<br>F. Schubert: Suleika, D.720 <br>F. Schubert(Arr.by F.Liszt): Schwanengesang, D.957, No.4 St\u00e4ndchen <br>F. Schubert(Arr.by F.Liszt): Die sch\u00f6ne M\u00fcllerin, Op.25 D.795 No.1&#8243;Das Wandern&#8221;, No19 &#8220;Der M\u00fcller und der Bach&#8221;, No.2 &#8220;Wohin ?&#8221; <\/p>\n\n\n\n<p><strong>Performers<\/strong> <br>T. Varga(Vc)\uff0fK. Jav\u016frkov\u00e1(Hr)\uff0fA. Amou(Sop)\uff0fT. Hino(Mez-Sop)\uff0fI. Onuki(Ten)\uff0fG. Bertagnolli(Sop)\uff0fH. Okada(Pf)\uff0fA. Takahashi(Pf)\uff0fD. Suzuki(Guit) <br><br><strong>Tickets<\/strong><br>Adult:\uffe54,200 \uff0f Child :\uffe52,100 (ALL Seats Reserved) <\/p>\n\n\n\n<p><\/p>\n","protected":false},"excerpt":{"rendered":"Kusatsu Ongaku-no-mori Concert Hall 40th Anniversary Concert \u2160 100th Birth Anniversary of Erunst Haefliger \/ L [&hellip;]","protected":false},"author":2,"featured_media":0,"parent":1290,"menu_order":6,"comment_status":"closed","ping_status":"closed","template":"","meta":{"footnotes":""},"_links":{"self":[{"href":"https:\/\/kusa2.jp\/en\/wp-json\/wp\/v2\/pages\/1487"}],"collection":[{"href":"https:\/\/kusa2.jp\/en\/wp-json\/wp\/v2\/pages"}],"about":[{"href":"https:\/\/kusa2.jp\/en\/wp-json\/wp\/v2\/types\/page"}],"author":[{"embeddable":true,"href":"https:\/\/kusa2.jp\/en\/wp-json\/wp\/v2\/users\/2"}],"replies":[{"embeddable":true,"href":"https:\/\/kusa2.jp\/en\/wp-json\/wp\/v2\/comments?post=1487"}],"version-history":[{"count":9,"href":"https:\/\/kusa2.jp\/en\/wp-json\/wp\/v2\/pages\/1487\/revisions"}],"predecessor-version":[{"id":1628,"href":"https:\/\/kusa2.jp\/en\/wp-json\/wp\/v2\/pages\/1487\/revisions\/1628"}],"up":[{"embeddable":true,"href":"https:\/\/kusa2.jp\/en\/wp-json\/wp\/v2\/pages\/1290"}],"wp:attachment":[{"href":"https:\/\/kusa2.jp\/en\/wp-json\/wp\/v2\/media?parent=1487"}],"curies":[{"name":"wp","href":"https:\/\/api.w.org\/{rel}","templated":true}]}}