{"id":1408,"date":"2019-03-12T13:57:27","date_gmt":"2019-03-12T04:57:27","guid":{"rendered":"http:\/\/kusa2.jp\/en\/?page_id=1408"},"modified":"2020-05-29T17:06:09","modified_gmt":"2020-05-29T08:06:09","slug":"faculty2019","status":"publish","type":"page","link":"https:\/\/kusa2.jp\/en\/relatedinfo\/outline-history\/record\/2019-2\/faculty2019\/","title":{"rendered":"Faculty for 2019"},"content":{"rendered":"\n<h3 class=\"wp-block-heading\">Music Director<\/h3>\n\n\n\n<div class=\"wp-block-image\"><figure class=\"alignleft\"><a href=\"http:\/\/kusa2.jp\/en\/festival\/artist\/akira-nishimura\/\"><img decoding=\"async\" src=\"http:\/\/kusa2.jp\/wp-content\/uploads\/2017\/03\/e29b636cab4b4287d3087e21bb951b40.jpg\" alt=\"\" class=\"wp-image-2616\"\/><\/a><figcaption><strong><br>AKIRA NISHIMURA<\/strong><\/figcaption><\/figure><\/div>\n\n\n\n<h3 class=\"wp-block-heading\"><\/h3>\n\n\n\n<p><\/p>\n\n\n\n<p><\/p>\n\n\n\n<p><\/p>\n\n\n\n<p><\/p>\n\n\n\n<h3 class=\"wp-block-heading\">\u58f0\u697d\u3000Vocal<\/h3>\n\n\n\n<div class=\"wp-block-image\"><figure class=\"alignleft\"><a href=\"https:\/\/kusa2.jp\/en\/festival\/artist\/gemma-bertagnolli\/\"><img decoding=\"async\" src=\"http:\/\/kusa2.jp\/wp-content\/uploads\/2016\/03\/gemma-bertagnolli.jpg\" alt=\"Gemma Bertagnolli\" class=\"wp-image-143\"\/><\/a><figcaption><strong>GEMMA BERTAGNOLLI <\/strong><\/figcaption><\/figure><\/div>\n\n\n\n<p><\/p>\n\n\n\n<h3 class=\"wp-block-heading\"><\/h3>\n\n\n\n<p><\/p>\n\n\n\n<p><\/p>\n\n\n\n<p><\/p>\n\n\n\n<h3 class=\"wp-block-heading\">\u30d4\u30a2\u30ce\u3000Piano<\/h3>\n\n\n\n<div class=\"wp-block-image\"><figure class=\"alignleft\"><a href=\"http:\/\/kusa2.jp\/en\/festival\/artist\/hiromi-okada\/\"><img decoding=\"async\" src=\"http:\/\/kusa2.jp\/wp-content\/uploads\/2019\/03\/hiromi-okada.jpg\" alt=\"\" class=\"wp-image-5851\"\/><\/a><figcaption><strong>\u5ca1\u7530 \u535a\u7f8e <\/strong><br><strong>HIROMI OKADA<\/strong><\/figcaption><\/figure><\/div>\n\n\n\n<div class=\"wp-block-image\"><figure class=\"alignleft is-resized\"><a href=\"http:\/\/kusa2.jp\/en\/festival\/artist\/christopher-hinterhuber\/\"><img decoding=\"async\" loading=\"lazy\" src=\"http:\/\/kusa2.jp\/en\/wp-content\/uploads\/2019\/05\/515a8f785bc45c0b2adc308589e48893-684x1024.jpg\" alt=\"\" class=\"wp-image-1555\" width=\"167\" height=\"250\"\/><\/a><figcaption><strong> \uff78\uff98\uff7d\uff84\uff8c\uff67\uff70\uff65\uff8b\uff9d\uff80\uff70\uff8c\uff70\uff8a\uff9e\uff70 Christopher Hinterhuber <\/strong><\/figcaption><\/figure><\/div>\n\n\n\n<div class=\"wp-block-image\"><figure class=\"alignleft\"><a href=\"http:\/\/kusa2.jp\/en\/festival\/artist\/aki-takahashi\/\"><img decoding=\"async\" src=\"http:\/\/kusa2.jp\/wp-content\/uploads\/2018\/03\/takahashiaki.jpg\" alt=\"\" class=\"wp-image-3544\"\/><\/a><figcaption><strong>\u9ad8\u6a4b \u30a2\u30ad<\/strong><br><strong> AKI TAKAHASHI<\/strong><\/figcaption><\/figure><\/div>\n\n\n\n<div class=\"wp-block-image\"><figure class=\"alignleft\"><a href=\"http:\/\/kusa2.jp\/en\/festival\/artist\/cornelia-herrmann\/\"><img decoding=\"async\" src=\"http:\/\/kusa2.jp\/wp-content\/uploads\/2019\/02\/40-CorneliaHerrmann.jpg\" alt=\"\" class=\"wp-image-5313\"\/><\/a><figcaption><strong>\u30b3\u30eb\u30cd\u30ea\u30a2\u30fb\u30d8\u30eb\u30de\u30f3 CORNELIA HERRMANN<\/strong><\/figcaption><\/figure><\/div>\n\n\n\n<h3 class=\"wp-block-heading\"><\/h3>\n\n\n\n<p><\/p>\n\n\n\n<h3 class=\"wp-block-heading\">Violin<\/h3>\n\n\n\n<div class=\"wp-block-image\"><figure class=\"alignleft\"><a href=\"http:\/\/kusa2.jp\/en\/festival\/artist\/markus-wolf\/\"><img decoding=\"async\" src=\"http:\/\/kusa2.jp\/wp-content\/uploads\/2019\/03\/markus-wolf2.jpg\" alt=\"\" class=\"wp-image-5854\"\/><\/a><figcaption><strong>MARKUS\u3000WOLF<\/strong><\/figcaption><\/figure><\/div>\n\n\n\n<div class=\"wp-block-image\"><figure class=\"alignleft\"><a href=\"http:\/\/kusa2.jp\/en\/festival\/artist\/paolo-franceschini\/\"><img decoding=\"async\" src=\"http:\/\/kusa2.jp\/wp-content\/uploads\/2018\/02\/Paolo-Franceschini-c-TAMARA-CASULA-1.jpg\" alt=\"\" class=\"wp-image-3465\"\/><\/a><figcaption><strong>PAOLO FRANCESCHINI <\/strong> \u24d2TAMARA CASULA<\/figcaption><\/figure><\/div>\n\n\n\n<div class=\"wp-block-image\"><figure class=\"alignleft\"><a href=\"http:\/\/kusa2.jp\/en\/festival\/artist\/karin-adam\/\"><img decoding=\"async\" src=\"http:\/\/kusa2.jp\/wp-content\/uploads\/2019\/02\/40-KarinAdam.jpg\" alt=\"\" class=\"wp-image-5312\"\/><\/a><figcaption><strong>KARIN ADAM<\/strong><\/figcaption><\/figure><\/div>\n\n\n\n<h3 class=\"wp-block-heading\"><\/h3>\n\n\n\n<p><\/p>\n\n\n\n<h3 class=\"wp-block-heading\">\u3000Viola<\/h3>\n\n\n\n<div class=\"wp-block-image\"><figure class=\"alignleft\"><a href=\"http:\/\/kusa2.jp\/en\/festival\/artist\/robert-bauerstatter\/\"><img decoding=\"async\" src=\"http:\/\/kusa2.jp\/wp-content\/uploads\/2016\/03\/Robert.jpg\" alt=\"\" class=\"wp-image-2622\"\/><\/a><figcaption><strong>ROBERT BAUERSTATTER<br><\/strong><\/figcaption><\/figure><\/div>\n\n\n\n<h3 class=\"wp-block-heading\"><\/h3>\n\n\n\n<p><\/p>\n\n\n\n<p><\/p>\n\n\n\n<p><\/p>\n\n\n\n<p><\/p>\n\n\n\n<h3 class=\"wp-block-heading\">Violoncello<\/h3>\n\n\n\n<div class=\"wp-block-image\"><figure class=\"alignleft\"><a href=\"http:\/\/kusa2.jp\/en\/festival\/artist\/tamas-varga\/\"><img decoding=\"async\" src=\"http:\/\/kusa2.jp\/wp-content\/uploads\/2019\/02\/aab3f17012fc35f61c3ea895c30b0642.jpg\" alt=\"\" class=\"wp-image-5311\"\/><\/a><figcaption><strong>TAM\u00c1S VARGA <\/strong><br>\u00a9Olga Kretsch<\/figcaption><\/figure><\/div>\n\n\n\n<h2 class=\"wp-block-heading\"><\/h2>\n\n\n\n<p><\/p>\n\n\n\n<p><\/p>\n\n\n\n<p><\/p>\n\n\n\n<p><\/p>\n\n\n\n<h3 class=\"wp-block-heading\">Flute<\/h3>\n\n\n\n<div class=\"wp-block-image\"><figure class=\"alignleft\"><a href=\"http:\/\/kusa2.jp\/en\/festival\/artist\/karl-heinz-schutz\/\"><img decoding=\"async\" src=\"http:\/\/kusa2.jp\/wp-content\/uploads\/2016\/03\/schuz.jpg\" alt=\"\" class=\"wp-image-2623\"\/><\/a><figcaption><strong>KARL-HEINZ SCH\u00dcTZ <\/strong>\u00a9Claudia Prieler <\/figcaption><\/figure><\/div>\n\n\n\n<h2 class=\"wp-block-heading\"><\/h2>\n\n\n\n<p><\/p>\n\n\n\n<p><\/p>\n\n\n\n<p><\/p>\n\n\n\n<p><\/p>\n\n\n\n<h3 class=\"wp-block-heading\">Oboe<\/h3>\n\n\n\n<div class=\"wp-block-image\"><figure class=\"alignleft\"><a href=\"http:\/\/kusa2.jp\/en\/festival\/artist\/thomas-indermuhle\/\"><img decoding=\"async\" src=\"http:\/\/kusa2.jp\/wp-content\/uploads\/2019\/03\/thomas-indermuhle.jpg\" alt=\"\" class=\"wp-image-5858\"\/><\/a><figcaption><strong>THOMAS INDERM\u00dcHLE<\/strong><\/figcaption><\/figure><\/div>\n\n\n\n<h3 class=\"wp-block-heading\"><\/h3>\n\n\n\n<p><\/p>\n\n\n\n<p><\/p>\n\n\n\n<p><\/p>\n\n\n\n<p><\/p>\n\n\n\n<h3 class=\"wp-block-heading\">Clarinet<\/h3>\n\n\n\n<div class=\"wp-block-image\"><figure class=\"alignleft\"><a href=\"http:\/\/kusa2.jp\/en\/festival\/artist\/seiki-shinohe\/\"><img decoding=\"async\" src=\"http:\/\/kusa2.jp\/wp-content\/uploads\/2016\/03\/Shinohe.jpg\" alt=\"\" class=\"wp-image-2624\"\/><\/a><figcaption><strong>SEIKI SHINOHE<\/strong><\/figcaption><\/figure><\/div>\n\n\n\n<h3 class=\"wp-block-heading\"><\/h3>\n\n\n\n<p><\/p>\n\n\n\n<p><\/p>\n\n\n\n<p><\/p>\n\n\n\n<p><\/p>\n\n\n\n<h3 class=\"wp-block-heading\">Horn<\/h3>\n\n\n\n<div class=\"wp-block-image\"><figure class=\"alignleft\"><a href=\"http:\/\/kusa2.jp\/en\/festival\/artist\/katerina-javurkova\/\"><img decoding=\"async\" src=\"http:\/\/kusa2.jp\/wp-content\/uploads\/2019\/02\/Javurkova-2017-_1-_38-Panel-1.jpg\" alt=\"\" class=\"wp-image-5327\"\/><\/a><figcaption><strong>KATE\u0158INA JAV\u016eRKOV\u00c1<\/strong><\/figcaption><\/figure><\/div>\n\n\n\n<h3 class=\"wp-block-heading\"><\/h3>\n\n\n\n<p><\/p>\n\n\n\n<p><\/p>\n\n\n\n<p><\/p>\n\n\n\n<h3 class=\"wp-block-heading\"><br>Organ \/ Cembalo \/ Basso Continuo<\/h3>\n\n\n\n<div class=\"wp-block-image\"><figure class=\"alignleft\"><a href=\"http:\/\/kusa2.jp\/en\/festival\/artist\/claudio-brizi\/\"><img decoding=\"async\" src=\"http:\/\/kusa2.jp\/wp-content\/uploads\/2019\/03\/40-Claudio-Brizi-1.jpg\" alt=\"\" class=\"wp-image-5474\"\/><\/a><figcaption><strong>CLAUDIO BRIZI<\/strong><\/figcaption><\/figure><\/div>\n\n\n\n<h3 class=\"wp-block-heading\"><\/h3>\n\n\n\n<p><\/p>\n\n\n\n<p><\/p>\n\n\n\n<p><\/p>\n\n\n\n<p><\/p>\n\n\n\n<h3 class=\"wp-block-heading\">Chamber Music<\/h3>\n\n\n\n<div class=\"wp-block-image\"><figure class=\"alignleft\"><a href=\"http:\/\/kusa2.jp\/en\/festival\/artist\/panocha-quartet\/\"><img decoding=\"async\" src=\"http:\/\/kusa2.jp\/wp-content\/uploads\/2019\/03\/3c6fdd81c8b191dfb93b7fe0cac828eb.jpg\" alt=\"\" class=\"wp-image-5861\"\/><\/a><figcaption><strong>PANOCHA QUARTET<\/strong><\/figcaption><\/figure><\/div>\n\n\n\n<h3 class=\"wp-block-heading\"><\/h3>\n\n\n\n<p><\/p>\n\n\n\n<p><\/p>\n\n\n\n<p><\/p>\n\n\n\n<h3 class=\"wp-block-heading\">Chorus Conductor<\/h3>\n\n\n\n<div class=\"wp-block-image\"><figure class=\"alignleft\"><a href=\"http:\/\/kusa2.jp\/en\/festival\/artist\/fumiaki-kuriyama\/\"><img decoding=\"async\" src=\"http:\/\/kusa2.jp\/wp-content\/uploads\/2016\/03\/fumiaki-kuriyama.jpg\" alt=\"\u6817\u5c71 \u6587\u662d\" class=\"wp-image-122\"\/><\/a><figcaption><strong>FUMIAKI KURIYAMA <\/strong><br><br><br><\/figcaption><\/figure><\/div>\n\n\n\n<h3 class=\"wp-block-heading\"><\/h3>\n\n\n\n<p><\/p>\n\n\n\n<p><\/p>\n\n\n\n<p><\/p>\n\n\n\n<p><\/p>\n\n\n\n<h3 class=\"wp-block-heading\">Conductor<\/h3>\n\n\n\n<div class=\"wp-block-image\"><figure class=\"alignleft\"><a href=\"http:\/\/kusa2.jp\/en\/festival\/artist\/milan-turkovic\/\"><img decoding=\"async\" src=\"http:\/\/kusa2.jp\/wp-content\/uploads\/2016\/03\/milan-turkovic.jpg\" alt=\"Milan Turkovic\" class=\"wp-image-128\"\/><\/a><figcaption><strong>MILAN TURKOVI\u0106<\/strong><br><\/figcaption><\/figure><\/div>\n","protected":false},"excerpt":{"rendered":"Music Director \u58f0\u697d\u3000Vocal \u30d4\u30a2\u30ce\u3000Piano Violin \u3000Viola Violoncello Flute Oboe Clarinet Horn Organ \/ Cembalo \/ Basso C [&hellip;]","protected":false},"author":1,"featured_media":0,"parent":1891,"menu_order":1,"comment_status":"closed","ping_status":"closed","template":"","meta":{"footnotes":""},"_links":{"self":[{"href":"https:\/\/kusa2.jp\/en\/wp-json\/wp\/v2\/pages\/1408"}],"collection":[{"href":"https:\/\/kusa2.jp\/en\/wp-json\/wp\/v2\/pages"}],"about":[{"href":"https:\/\/kusa2.jp\/en\/wp-json\/wp\/v2\/types\/page"}],"author":[{"embeddable":true,"href":"https:\/\/kusa2.jp\/en\/wp-json\/wp\/v2\/users\/1"}],"replies":[{"embeddable":true,"href":"https:\/\/kusa2.jp\/en\/wp-json\/wp\/v2\/comments?post=1408"}],"version-history":[{"count":8,"href":"https:\/\/kusa2.jp\/en\/wp-json\/wp\/v2\/pages\/1408\/revisions"}],"predecessor-version":[{"id":1670,"href":"https:\/\/kusa2.jp\/en\/wp-json\/wp\/v2\/pages\/1408\/revisions\/1670"}],"up":[{"embeddable":true,"href":"https:\/\/kusa2.jp\/en\/wp-json\/wp\/v2\/pages\/1891"}],"wp:attachment":[{"href":"https:\/\/kusa2.jp\/en\/wp-json\/wp\/v2\/media?parent=1408"}],"curies":[{"name":"wp","href":"https:\/\/api.w.org\/{rel}","templated":true}]}}