{"id":1398,"date":"2019-03-12T13:24:55","date_gmt":"2019-03-12T04:24:55","guid":{"rendered":"http:\/\/kusa2.jp\/en\/?page_id=1398"},"modified":"2020-03-16T15:36:55","modified_gmt":"2020-03-16T06:36:55","slug":"panocha-quartet","status":"publish","type":"page","link":"https:\/\/kusa2.jp\/en\/artist\/panocha-quartet\/","title":{"rendered":"Panocha Quartet"},"content":{"rendered":"\n<h3 class=\"wp-block-heading\">Chamber Music<\/h3>\n\n\n\n<div class=\"wp-block-image\"><figure class=\"alignright is-resized\"><img decoding=\"async\" loading=\"lazy\" src=\"http:\/\/kusa2.jp\/en\/wp-content\/uploads\/2016\/03\/panocha-quartet-1.jpg\" alt=\"\" class=\"wp-image-832\" width=\"188\" height=\"125\"\/><\/figure><\/div>\n\n\n\n<p>Formed in 1968, while its members were still students at Prague Conservatory. 1975 won 1st prize at the Prague Spring International String Quartet Competition. Since that times the Quartet has achieved international fame progressing from one triumph to another. The Quartet has participated at important international festivals as Edinburgh, Salzburg, Prague, Kusatsu, Menton, Dubrovnik, Tel Aviv, Kuhmo and Mondsee. In 1976, awarded the Bordeaux Gold Medal and in 1982 came a Supraphon Gold Disc.1983 the Grand Prix Academy Charles Cros was received in Paris for the recording of Martin\u016f\u2019s Quartet Nos. 4 and 6. 2008 the MIDEM Cannes Classical Awards were awarded for the recordings of Dvorak\u2019s quartet No. 10 and the Cypresses. Panocha Quartet places particular emphasis on Czech music, especially the works of Smetana, Dvo\u0159\u00e1k, Jan\u00e1\u010dek and Martin\u016f. The Quartet follows the great Czech string quartet tradition, founded by the \u010cesk\u00e9 (Bohemian) Quartet and continued by the Smetana, Jan\u00e1\u010dek and Vlach quartets. Ji\u0159\u00ed Panocha, 1st Violin \/ Pavel Zejfart, 2nd Violin \/ Miroslav Sehnoutka, Viola \/ Jaroslav Kulhan, Violoncello<\/p>\n\n\n\n<figure class=\"wp-block-image size-large is-resized\"><img decoding=\"async\" loading=\"lazy\" src=\"https:\/\/kusa2.jp\/en\/wp-content\/uploads\/2020\/03\/DSCN1951-1024x768.jpg\" alt=\"\" class=\"wp-image-1715\" width=\"580\" height=\"420\"\/><\/figure>\n","protected":false},"excerpt":{"rendered":"Chamber Music Formed in 1968, while its members were still students at Prague Conservatory. 1975 won 1st prize [&hellip;]","protected":false},"author":1,"featured_media":0,"parent":1356,"menu_order":28,"comment_status":"closed","ping_status":"closed","template":"","meta":{"footnotes":""},"_links":{"self":[{"href":"https:\/\/kusa2.jp\/en\/wp-json\/wp\/v2\/pages\/1398"}],"collection":[{"href":"https:\/\/kusa2.jp\/en\/wp-json\/wp\/v2\/pages"}],"about":[{"href":"https:\/\/kusa2.jp\/en\/wp-json\/wp\/v2\/types\/page"}],"author":[{"embeddable":true,"href":"https:\/\/kusa2.jp\/en\/wp-json\/wp\/v2\/users\/1"}],"replies":[{"embeddable":true,"href":"https:\/\/kusa2.jp\/en\/wp-json\/wp\/v2\/comments?post=1398"}],"version-history":[{"count":2,"href":"https:\/\/kusa2.jp\/en\/wp-json\/wp\/v2\/pages\/1398\/revisions"}],"predecessor-version":[{"id":1717,"href":"https:\/\/kusa2.jp\/en\/wp-json\/wp\/v2\/pages\/1398\/revisions\/1717"}],"up":[{"embeddable":true,"href":"https:\/\/kusa2.jp\/en\/wp-json\/wp\/v2\/pages\/1356"}],"wp:attachment":[{"href":"https:\/\/kusa2.jp\/en\/wp-json\/wp\/v2\/media?parent=1398"}],"curies":[{"name":"wp","href":"https:\/\/api.w.org\/{rel}","templated":true}]}}