{"id":1394,"date":"2019-03-12T13:23:15","date_gmt":"2019-03-12T04:23:15","guid":{"rendered":"http:\/\/kusa2.jp\/en\/?page_id=1394"},"modified":"2020-05-20T17:15:24","modified_gmt":"2020-05-20T08:15:24","slug":"katerina-javurkova","status":"publish","type":"page","link":"https:\/\/kusa2.jp\/en\/artist\/katerina-javurkova\/","title":{"rendered":"Kate\u0159ina Jav\u016frkov\u00e1"},"content":{"rendered":"\n<h3 class=\"wp-block-heading\">Horn<\/h3>\n\n\n\n<div class=\"wp-block-image\"><figure class=\"alignright size-large is-resized\"><img decoding=\"async\" loading=\"lazy\" src=\"https:\/\/kusa2.jp\/en\/wp-content\/uploads\/2020\/03\/be42e81641a1c0e17568c506366c0b50.jpg\" alt=\"\" class=\"wp-image-1648\" width=\"125\" height=\"188\"\/><figcaption>Kate\u0159ina Jav\u016frkov\u00e1<\/figcaption><\/figure><\/div>\n\n\n\n<p>Kate\u0159ina Jav\u016frkov\u00e1 began playing horn at the age of nine with Tom\u00e1\u0161 Kreibich and continued at the Prague Conservatory with prof. Bed\u0159ich Tyl\u0161ar. In 2016 she successfully graduated from the Academy of Performing Arts in Prague (in the class of Zden\u011bk Divok\u00fd and Radek Babor\u00e1k). During her studies she has passed an internship on the Conservatoire National Sup\u00e9rieur de Musique et Danse Paris in the class of prof. Andr\u00e9 Cazalet. She is a winner of a number of international competitions, among them the\u00a0\u201cFederico II di Svevia\u201d\u00a0competition in Italy (2011), 1st prize and title of laureate on the prestigious Prague Spring International Music Competition 2013 and ARD International Music Competition in 2016. In January 2017 she became one of the first holders of the new Classic Prague Awards. In 2013 she was admitted into the Czech Philharmonic and is a founding member of the Belfiato Quintet ensemble, which was awarded a 3rd prize on the 6th International Wind Quintet Competition in Marseille, France (2011) and Classic Prague Award 2019. As a soloist she has appeared with the Czech Philharmonic Orchestra, PKF &#8211; Prague Philharmonia, M\u00fcnchener Kammerorchester, Symphonieorchester des Bayerischen Rundfunks, NOSPR Katowice etc.<\/p>\n\n\n\n<figure class=\"wp-block-image size-large is-resized\"><img decoding=\"async\" src=\"https:\/\/kusa2.jp\/en\/wp-content\/uploads\/2020\/03\/20170817KaterinaJavurukova-e1584340167517.jpg\" alt=\"\" class=\"wp-image-1710\" height=\"420\"\/><\/figure>\n","protected":false},"excerpt":{"rendered":"Horn Kate\u0159ina Jav\u016frkov\u00e1 began playing horn at the age of nine with Tom\u00e1\u0161 Kreibich and continued at the Prague  [&hellip;]","protected":false},"author":1,"featured_media":0,"parent":1356,"menu_order":26,"comment_status":"closed","ping_status":"closed","template":"","meta":{"footnotes":""},"_links":{"self":[{"href":"https:\/\/kusa2.jp\/en\/wp-json\/wp\/v2\/pages\/1394"}],"collection":[{"href":"https:\/\/kusa2.jp\/en\/wp-json\/wp\/v2\/pages"}],"about":[{"href":"https:\/\/kusa2.jp\/en\/wp-json\/wp\/v2\/types\/page"}],"author":[{"embeddable":true,"href":"https:\/\/kusa2.jp\/en\/wp-json\/wp\/v2\/users\/1"}],"replies":[{"embeddable":true,"href":"https:\/\/kusa2.jp\/en\/wp-json\/wp\/v2\/comments?post=1394"}],"version-history":[{"count":3,"href":"https:\/\/kusa2.jp\/en\/wp-json\/wp\/v2\/pages\/1394\/revisions"}],"predecessor-version":[{"id":1861,"href":"https:\/\/kusa2.jp\/en\/wp-json\/wp\/v2\/pages\/1394\/revisions\/1861"}],"up":[{"embeddable":true,"href":"https:\/\/kusa2.jp\/en\/wp-json\/wp\/v2\/pages\/1356"}],"wp:attachment":[{"href":"https:\/\/kusa2.jp\/en\/wp-json\/wp\/v2\/media?parent=1394"}],"curies":[{"name":"wp","href":"https:\/\/api.w.org\/{rel}","templated":true}]}}