{"id":1389,"date":"2019-03-12T13:20:48","date_gmt":"2019-03-12T04:20:48","guid":{"rendered":"http:\/\/kusa2.jp\/en\/?page_id=1389"},"modified":"2026-01-21T17:00:21","modified_gmt":"2026-01-21T08:00:21","slug":"thomas-indermuhle","status":"publish","type":"page","link":"https:\/\/kusa2.jp\/en\/artist\/thomas-indermuhle\/","title":{"rendered":"THOMAS INDERM\u00dcHLE"},"content":{"rendered":"\n<h3 class=\"wp-block-heading\">Oboe<\/h3>\n\n\n<div class=\"wp-block-image\">\n<figure class=\"alignright size-large is-resized\"><a href=\"https:\/\/kusa2.jp\/en\/wp-content\/uploads\/2026\/01\/95f8236244a30d60fc661089f98ca7c4.jpg\" rel=\"lightbox[1389]\"><img decoding=\"async\" loading=\"lazy\" width=\"1024\" height=\"684\" src=\"https:\/\/kusa2.jp\/en\/wp-content\/uploads\/2026\/01\/95f8236244a30d60fc661089f98ca7c4-1024x684.jpg\" alt=\"\" class=\"wp-image-4377\" style=\"aspect-ratio:1.4970760233918128;width:359px;height:auto\" srcset=\"https:\/\/kusa2.jp\/en\/wp-content\/uploads\/2026\/01\/95f8236244a30d60fc661089f98ca7c4-1024x684.jpg 1024w, https:\/\/kusa2.jp\/en\/wp-content\/uploads\/2026\/01\/95f8236244a30d60fc661089f98ca7c4-300x200.jpg 300w, https:\/\/kusa2.jp\/en\/wp-content\/uploads\/2026\/01\/95f8236244a30d60fc661089f98ca7c4-768x513.jpg 768w, https:\/\/kusa2.jp\/en\/wp-content\/uploads\/2026\/01\/95f8236244a30d60fc661089f98ca7c4-1536x1026.jpg 1536w, https:\/\/kusa2.jp\/en\/wp-content\/uploads\/2026\/01\/95f8236244a30d60fc661089f98ca7c4-1250x835.jpg 1250w, https:\/\/kusa2.jp\/en\/wp-content\/uploads\/2026\/01\/95f8236244a30d60fc661089f98ca7c4-600x400.jpg 600w, https:\/\/kusa2.jp\/en\/wp-content\/uploads\/2026\/01\/95f8236244a30d60fc661089f98ca7c4-1000x668.jpg 1000w, https:\/\/kusa2.jp\/en\/wp-content\/uploads\/2026\/01\/95f8236244a30d60fc661089f98ca7c4-1498x1000.jpg 1498w, https:\/\/kusa2.jp\/en\/wp-content\/uploads\/2026\/01\/95f8236244a30d60fc661089f98ca7c4.jpg 1920w\" sizes=\"(max-width: 1024px) 100vw, 1024px\" \/><\/a><figcaption class=\"wp-element-caption\">\u00a9Andres_Herrera<\/figcaption><\/figure><\/div>\n\n\n<p>Born in Bern in 1951, Thomas Inderm\u00fchle is the scion of a Swiss family of musicians. He studied with Heinz Holliger at the Staatliche Musikhochschule in Freiburg in Breisgau, and with Maurice Bourgue in Paris. Afterwards, he spent several years as solo oboist in the Netherlands Chamber Orchestra and the Rotterdam Philharmonic Orchestra. In 1974 he was awarded a prize at the Prague Spring International Music Competition, and in 1976 he won the ARD International Music Competition in Munich. Since then, he has appeared as a soloist in almost all European countries, in the USA, Canada, Mexico, Japan, Korea and Australia. Leading composers as Manfred Trojahn, Wolfgang Rihm, David Philip Hefti and Akira Nishimura have written oboe concertos for Thomas. Of great importance to him are also his \u201cEnsemble Couperin\u201d, his activity as a conductor, and his work with his students. Inderm\u00fchle has been responsible for an oboe class at the Z\u00fcrich Conservatorium ZHdK since 1984, and in 1989 he was appointed professor at the Staatliche Hochschule f\u00fcr Musik in Karlsruhe. Recently he started teaching at \u00c9cole Normale Alfred Cortot in Paris and Avos Project in Roma. He has recorded for Philips, EMI, Novalis and Camerata Tokyo.<\/p>\n\n\n\n<figure class=\"wp-block-image size-large is-resized\"><img decoding=\"async\" loading=\"lazy\" width=\"1024\" height=\"768\" src=\"https:\/\/kusa2.jp\/en\/wp-content\/uploads\/2020\/03\/DSCN3017-1024x768.jpg\" alt=\"\" class=\"wp-image-1705\" style=\"width:580px;height:420px\"\/><\/figure>\n","protected":false},"excerpt":{"rendered":"Oboe Born in Bern in 1951, Thomas Inderm\u00fchle is the scion of a Swiss family of musicians. He studied with Hein [&hellip;]","protected":false},"author":1,"featured_media":0,"parent":1356,"menu_order":24,"comment_status":"closed","ping_status":"closed","template":"","meta":{"footnotes":""},"_links":{"self":[{"href":"https:\/\/kusa2.jp\/en\/wp-json\/wp\/v2\/pages\/1389"}],"collection":[{"href":"https:\/\/kusa2.jp\/en\/wp-json\/wp\/v2\/pages"}],"about":[{"href":"https:\/\/kusa2.jp\/en\/wp-json\/wp\/v2\/types\/page"}],"author":[{"embeddable":true,"href":"https:\/\/kusa2.jp\/en\/wp-json\/wp\/v2\/users\/1"}],"replies":[{"embeddable":true,"href":"https:\/\/kusa2.jp\/en\/wp-json\/wp\/v2\/comments?post=1389"}],"version-history":[{"count":7,"href":"https:\/\/kusa2.jp\/en\/wp-json\/wp\/v2\/pages\/1389\/revisions"}],"predecessor-version":[{"id":4401,"href":"https:\/\/kusa2.jp\/en\/wp-json\/wp\/v2\/pages\/1389\/revisions\/4401"}],"up":[{"embeddable":true,"href":"https:\/\/kusa2.jp\/en\/wp-json\/wp\/v2\/pages\/1356"}],"wp:attachment":[{"href":"https:\/\/kusa2.jp\/en\/wp-json\/wp\/v2\/media?parent=1389"}],"curies":[{"name":"wp","href":"https:\/\/api.w.org\/{rel}","templated":true}]}}