{"id":1361,"date":"2019-03-12T13:06:06","date_gmt":"2019-03-12T04:06:06","guid":{"rendered":"http:\/\/kusa2.jp\/en\/?page_id=1361"},"modified":"2020-05-20T17:11:48","modified_gmt":"2020-05-20T08:11:48","slug":"gemma-bertagnolli","status":"publish","type":"page","link":"https:\/\/kusa2.jp\/en\/artist\/gemma-bertagnolli\/","title":{"rendered":"Gemma Bertagnolli"},"content":{"rendered":"\n<h3 class=\"wp-block-heading\">Soprano<\/h3>\n\n\n\n<div class=\"wp-block-image\"><figure class=\"alignright is-resized\"><img decoding=\"async\" loading=\"lazy\" src=\"http:\/\/kusa2.jp\/en\/wp-content\/uploads\/2016\/03\/gemma-bertagnolli-1.jpg\" alt=\"\" class=\"wp-image-838\" width=\"125\" height=\"188\"\/><figcaption>Gemma Bertagnolli<\/figcaption><\/figure><\/div>\n\n\n\n<p>Born in Bozen, Gemma Bertagnolli was a winner of both the AsLiCo and Francecso Vi\u00f1as Competitions. Her career has already taken her to major Opera Houses and Concert Halls including the Teatro La Scala, Milan, the Teatro La Fenice, Venice, the Th\u00e9\u00e2tre des Champs-\u00c9lys\u00e9es, Paris, the Rome Opera, the Maggio Musicale, Fiorentino, the Opernhaus Zurich, the Accademia Nazionale di Santa Cecilia, Rome, the Concertgebouw, Amsterdam, the Musikfestspiele Potsdam Sansoucci, and the La Coru\u00f1a, Pesaro, Salzburg and Wexford Festivals. Her concert repertoire ranges from Bach, Hendel, Pergolesi and Vivaldi to Mozart, the 9th symphony of Beethoven and the 2nd and 4th Symphonies of Mahler. It is above all as a singer of Baroque Music that she is most celebrated. Her operatic repertoire includes Sophie Der Rosenkavalier, Oscar Un ballo in maschera and Nannetta Falstaff. Conductors with whom she has worked in opera and concert include Lorin Maazel, Zubin Mehta, Riccardo Muti. From 2006 she taught \u201ccanto barocco\u201d in many Italian conservatories. In 2016 she taught in Conservatorio \u201cGiambattista Martini\u201d in Bologna and Conservatorio Statale di Musica \u201cGioachino Rossini\u201d in Pesaro. From 2011 to 2018 she cooperates at the Hochschule f\u00fcr K\u00fcnste- University of Art Bremen, holding masters about the Italian pre-classical vocality. She is currently teaching at Vicenza, at the Conservatorio di Musica Arrigo Pedrollo. In 2011 and 2012 she taught at summer courses of early music in Salzburg \u2013 Mozarteum and was invited back to hold classes on Haendel\u2019s Opera Alcina in 2017. She periodically holds short masters by many Italian conservatories. She joined Kusatsu International Summer Music Academy &amp; Festival from 2013. In 2016, she was part of Japan Orfeo in Tokyo and Kamakura, within the celebrations for the 150 years of collaboration between Italy and Japan. Since 2017, she has collaborated to the creation of the Accademia Vivaldi for the Cini foundation in Venice, where she holds classes. In 2019 she was invited to hold classes by the prestigious courses of Ancient Music in Urbino.<\/p>\n\n\n\n<figure class=\"wp-block-image size-large is-resized\"><img decoding=\"async\" src=\"https:\/\/kusa2.jp\/en\/wp-content\/uploads\/2017\/03\/823sopranorecital-e1584327675623.jpg\" alt=\"\" class=\"wp-image-954\" width=\"580\" srcset=\"https:\/\/kusa2.jp\/en\/wp-content\/uploads\/2017\/03\/823sopranorecital-e1584327675623.jpg 796w, https:\/\/kusa2.jp\/en\/wp-content\/uploads\/2017\/03\/823sopranorecital-e1584327675623-300x182.jpg 300w, https:\/\/kusa2.jp\/en\/wp-content\/uploads\/2017\/03\/823sopranorecital-e1584327675623-768x467.jpg 768w\" sizes=\"(max-width: 796px) 100vw, 796px\" \/><\/figure>\n\n\n\n<figure class=\"wp-block-image size-large\"><img decoding=\"async\" loading=\"lazy\" width=\"580\" height=\"420\" src=\"https:\/\/kusa2.jp\/en\/wp-content\/uploads\/2016\/03\/2014082502-580x420.jpg\" alt=\"\" class=\"wp-image-624\" srcset=\"https:\/\/kusa2.jp\/en\/wp-content\/uploads\/2016\/03\/2014082502-580x420.jpg 580w, https:\/\/kusa2.jp\/en\/wp-content\/uploads\/2016\/03\/2014082502-580x420-300x217.jpg 300w\" sizes=\"(max-width: 580px) 100vw, 580px\" \/><\/figure>\n","protected":false},"excerpt":{"rendered":"Soprano Born in Bozen, Gemma Bertagnolli was a winner of both the AsLiCo and Francecso Vi\u00f1as Competitions. Her [&hellip;]","protected":false},"author":1,"featured_media":0,"parent":1356,"menu_order":2,"comment_status":"closed","ping_status":"closed","template":"","meta":{"footnotes":""},"_links":{"self":[{"href":"https:\/\/kusa2.jp\/en\/wp-json\/wp\/v2\/pages\/1361"}],"collection":[{"href":"https:\/\/kusa2.jp\/en\/wp-json\/wp\/v2\/pages"}],"about":[{"href":"https:\/\/kusa2.jp\/en\/wp-json\/wp\/v2\/types\/page"}],"author":[{"embeddable":true,"href":"https:\/\/kusa2.jp\/en\/wp-json\/wp\/v2\/users\/1"}],"replies":[{"embeddable":true,"href":"https:\/\/kusa2.jp\/en\/wp-json\/wp\/v2\/comments?post=1361"}],"version-history":[{"count":5,"href":"https:\/\/kusa2.jp\/en\/wp-json\/wp\/v2\/pages\/1361\/revisions"}],"predecessor-version":[{"id":1671,"href":"https:\/\/kusa2.jp\/en\/wp-json\/wp\/v2\/pages\/1361\/revisions\/1671"}],"up":[{"embeddable":true,"href":"https:\/\/kusa2.jp\/en\/wp-json\/wp\/v2\/pages\/1356"}],"wp:attachment":[{"href":"https:\/\/kusa2.jp\/en\/wp-json\/wp\/v2\/media?parent=1361"}],"curies":[{"name":"wp","href":"https:\/\/api.w.org\/{rel}","templated":true}]}}