{"id":1097,"date":"2018-05-10T16:06:08","date_gmt":"2018-05-10T07:06:08","guid":{"rendered":"http:\/\/kusa2.jp\/en\/?page_id=1097"},"modified":"2018-05-15T16:33:23","modified_gmt":"2018-05-15T07:33:23","slug":"aug-17th-fri","status":"publish","type":"page","link":"https:\/\/kusa2.jp\/en\/relatedinfo\/outline-history\/record\/2018-2\/concert-schedule39th\/aug-17th-fri\/","title":{"rendered":"Aug. 17th (Fri.)"},"content":{"rendered":"<h1>Opening Concert \/ A.Nishimura: Concerto \u201cShijin- The Four Symbols\u201d \/Hikotaro Yazaki &amp; Gunma Symphony Orchestra with Thomas Inderm\u00fchle<\/h1>\n<p>&nbsp;<\/p>\n<h3><strong>Program<\/strong><\/h3>\n<p>C. Debussy\uff1aPr\u00e9lude \u00e0 &#8220;l&#8217;apr\u00e8s- midi d&#8217;un faune<\/p>\n<p>A Nishimura\uff1aConcerto for Oboe\u3000\u201cShijin &#8211; The four Symbols\u201d<\/p>\n<p>F.Schubert\uff1aSymphony No. 9 in C Major &#8220;The Great&#8221;, D. 944<\/p>\n<h3><strong>Performers<\/strong><\/h3>\n<p>T.Inderm\u00fchle (Ob) \uff0f H. Yazaki (Cond)\u3000\uff0f Gunma Symphony Orchestra<\/p>\n<h3><strong>Ticket Price<\/strong><\/h3>\n<p>Adult:\uffe54,200 \uff0f Child :\uffe52,100<br \/>\n(ALL Seats Reserved)<\/p>\n<p>&nbsp;<\/p>\n<h1><\/h1>\n","protected":false},"excerpt":{"rendered":"Opening Concert \/ A.Nishimura: Concerto \u201cShijin- The Four Symbols\u201d \/Hikotaro Yazaki &amp; Gunma Symphony Orche [&hellip;]","protected":false},"author":1,"featured_media":0,"parent":1067,"menu_order":0,"comment_status":"closed","ping_status":"closed","template":"","meta":{"footnotes":""},"_links":{"self":[{"href":"https:\/\/kusa2.jp\/en\/wp-json\/wp\/v2\/pages\/1097"}],"collection":[{"href":"https:\/\/kusa2.jp\/en\/wp-json\/wp\/v2\/pages"}],"about":[{"href":"https:\/\/kusa2.jp\/en\/wp-json\/wp\/v2\/types\/page"}],"author":[{"embeddable":true,"href":"https:\/\/kusa2.jp\/en\/wp-json\/wp\/v2\/users\/1"}],"replies":[{"embeddable":true,"href":"https:\/\/kusa2.jp\/en\/wp-json\/wp\/v2\/comments?post=1097"}],"version-history":[{"count":9,"href":"https:\/\/kusa2.jp\/en\/wp-json\/wp\/v2\/pages\/1097\/revisions"}],"predecessor-version":[{"id":1466,"href":"https:\/\/kusa2.jp\/en\/wp-json\/wp\/v2\/pages\/1097\/revisions\/1466"}],"up":[{"embeddable":true,"href":"https:\/\/kusa2.jp\/en\/wp-json\/wp\/v2\/pages\/1067"}],"wp:attachment":[{"href":"https:\/\/kusa2.jp\/en\/wp-json\/wp\/v2\/media?parent=1097"}],"curies":[{"name":"wp","href":"https:\/\/api.w.org\/{rel}","templated":true}]}}